{"id":1344,"date":"2019-10-04T15:48:04","date_gmt":"2019-10-04T13:48:04","guid":{"rendered":"https:\/\/delisoya.com\/?post_type=product&#038;p=1344"},"modified":"2024-06-30T05:33:41","modified_gmt":"2024-06-30T03:33:41","slug":"delisoy-natural","status":"publish","type":"product","link":"https:\/\/soydelisoy.com\/centroamerica\/producto\/delisoy-natural\/","title":{"rendered":"Delisoy Natural"},"content":{"rendered":"","protected":false},"excerpt":{"rendered":"<p>\u00a1Las vitaminas y nutrientes de Delisoy Natural ayudan al desarrollo de cuerpos y mentes fuertes! Su delicioso y cremoso sabor la hace perfecta para batidos o para acompa\u00f1ar tus comidas favoritas. Adem\u00e1s, es una excelente alternativa a la leche de vaca en t\u00e9rminos de nutrici\u00f3n, con los beneficios de la prote\u00edna vegetal.<\/p>\n<p>* Este producto contiene lactosa<\/p>\n","protected":false},"featured_media":5697,"comment_status":"open","ping_status":"closed","template":"","meta":{"inline_featured_image":false,"_uag_custom_page_level_css":""},"product_brand":[],"product_cat":[65,63],"product_tag":[],"class_list":{"0":"post-1344","1":"product","2":"type-product","3":"status-publish","4":"has-post-thumbnail","6":"product_cat-proteina-soya-natural","7":"product_cat-proteina-soya","9":"first","10":"instock","11":"shipping-taxable","12":"product-type-simple"},"acf":[],"yoast_head":"<!-- This site is optimized with the Yoast SEO plugin v27.2 - https:\/\/yoast.com\/product\/yoast-seo-wordpress\/ -->\n<title>Delisoy Natural - Delisoy Centroam\u00e9rica<\/title>\n<meta name=\"robots\" content=\"index, follow, max-snippet:-1, max-image-preview:large, max-video-preview:-1\" \/>\n<link rel=\"canonical\" href=\"https:\/\/soydelisoy.com\/centroamerica\/producto\/delisoy-natural\/\" \/>\n<meta property=\"og:locale\" content=\"es_ES\" \/>\n<meta property=\"og:type\" content=\"article\" \/>\n<meta property=\"og:title\" content=\"Delisoy Natural - Delisoy Centroam\u00e9rica\" \/>\n<meta property=\"og:description\" content=\"\u00a1Las vitaminas y nutrientes de Delisoy Natural ayudan al desarrollo de cuerpos y mentes fuertes! Su delicioso y cremoso sabor la hace perfecta para batidos o para acompa\u00f1ar tus comidas favoritas. Adem\u00e1s, es una excelente alternativa a la leche de vaca en t\u00e9rminos de nutrici\u00f3n, con los beneficios de la prote\u00edna vegetal.  * Este producto contiene lactosa\" \/>\n<meta property=\"og:url\" content=\"https:\/\/soydelisoy.com\/centroamerica\/producto\/delisoy-natural\/\" \/>\n<meta property=\"og:site_name\" content=\"Delisoy Centroam\u00e9rica\" \/>\n<meta property=\"article:modified_time\" content=\"2024-06-30T03:33:41+00:00\" \/>\n<meta property=\"og:image\" content=\"https:\/\/soydelisoy.com\/centroamerica\/wp-content\/uploads\/sites\/2\/2019\/10\/DelisoyNatural.png\" \/>\n\t<meta property=\"og:image:width\" content=\"450\" \/>\n\t<meta property=\"og:image:height\" content=\"450\" \/>\n\t<meta property=\"og:image:type\" content=\"image\/png\" \/>\n<meta name=\"twitter:card\" content=\"summary_large_image\" \/>\n<meta name=\"twitter:label1\" content=\"Tiempo de lectura\" \/>\n\t<meta name=\"twitter:data1\" content=\"1 minuto\" \/>\n<script type=\"application\/ld+json\" class=\"yoast-schema-graph\">{\"@context\":\"https:\/\/schema.org\",\"@graph\":[{\"@type\":\"WebPage\",\"@id\":\"https:\/\/soydelisoy.com\/centroamerica\/producto\/delisoy-natural\/\",\"url\":\"https:\/\/soydelisoy.com\/centroamerica\/producto\/delisoy-natural\/\",\"name\":\"Delisoy Natural - Delisoy Centroam\u00e9rica\",\"isPartOf\":{\"@id\":\"https:\/\/soydelisoy.com\/centroamerica\/#website\"},\"primaryImageOfPage\":{\"@id\":\"https:\/\/soydelisoy.com\/centroamerica\/producto\/delisoy-natural\/#primaryimage\"},\"image\":{\"@id\":\"https:\/\/soydelisoy.com\/centroamerica\/producto\/delisoy-natural\/#primaryimage\"},\"thumbnailUrl\":\"https:\/\/soydelisoy.com\/centroamerica\/wp-content\/uploads\/sites\/2\/2019\/10\/DelisoyNatural.png\",\"datePublished\":\"2019-10-04T13:48:04+00:00\",\"dateModified\":\"2024-06-30T03:33:41+00:00\",\"breadcrumb\":{\"@id\":\"https:\/\/soydelisoy.com\/centroamerica\/producto\/delisoy-natural\/#breadcrumb\"},\"inLanguage\":\"es\",\"potentialAction\":[{\"@type\":\"ReadAction\",\"target\":[\"https:\/\/soydelisoy.com\/centroamerica\/producto\/delisoy-natural\/\"]}]},{\"@type\":\"ImageObject\",\"inLanguage\":\"es\",\"@id\":\"https:\/\/soydelisoy.com\/centroamerica\/producto\/delisoy-natural\/#primaryimage\",\"url\":\"https:\/\/soydelisoy.com\/centroamerica\/wp-content\/uploads\/sites\/2\/2019\/10\/DelisoyNatural.png\",\"contentUrl\":\"https:\/\/soydelisoy.com\/centroamerica\/wp-content\/uploads\/sites\/2\/2019\/10\/DelisoyNatural.png\",\"width\":450,\"height\":450},{\"@type\":\"BreadcrumbList\",\"@id\":\"https:\/\/soydelisoy.com\/centroamerica\/producto\/delisoy-natural\/#breadcrumb\",\"itemListElement\":[{\"@type\":\"ListItem\",\"position\":1,\"name\":\"Portada\",\"item\":\"https:\/\/soydelisoy.com\/centroamerica\/\"},{\"@type\":\"ListItem\",\"position\":2,\"name\":\"Productos\",\"item\":\"https:\/\/soydelisoy.com\/centroamerica\/productos\/\"},{\"@type\":\"ListItem\",\"position\":3,\"name\":\"Delisoy Natural\"}]},{\"@type\":\"WebSite\",\"@id\":\"https:\/\/soydelisoy.com\/centroamerica\/#website\",\"url\":\"https:\/\/soydelisoy.com\/centroamerica\/\",\"name\":\"Delisoy Centroam\u00e9rica\",\"description\":\"\",\"potentialAction\":[{\"@type\":\"SearchAction\",\"target\":{\"@type\":\"EntryPoint\",\"urlTemplate\":\"https:\/\/soydelisoy.com\/centroamerica\/?s={search_term_string}\"},\"query-input\":{\"@type\":\"PropertyValueSpecification\",\"valueRequired\":true,\"valueName\":\"search_term_string\"}}],\"inLanguage\":\"es\"}]}<\/script>\n<!-- \/ Yoast SEO plugin. -->","yoast_head_json":{"title":"Delisoy Natural - Delisoy Centroam\u00e9rica","robots":{"index":"index","follow":"follow","max-snippet":"max-snippet:-1","max-image-preview":"max-image-preview:large","max-video-preview":"max-video-preview:-1"},"canonical":"https:\/\/soydelisoy.com\/centroamerica\/producto\/delisoy-natural\/","og_locale":"es_ES","og_type":"article","og_title":"Delisoy Natural - Delisoy Centroam\u00e9rica","og_description":"\u00a1Las vitaminas y nutrientes de Delisoy Natural ayudan al desarrollo de cuerpos y mentes fuertes! Su delicioso y cremoso sabor la hace perfecta para batidos o para acompa\u00f1ar tus comidas favoritas. Adem\u00e1s, es una excelente alternativa a la leche de vaca en t\u00e9rminos de nutrici\u00f3n, con los beneficios de la prote\u00edna vegetal.  * Este producto contiene lactosa","og_url":"https:\/\/soydelisoy.com\/centroamerica\/producto\/delisoy-natural\/","og_site_name":"Delisoy Centroam\u00e9rica","article_modified_time":"2024-06-30T03:33:41+00:00","og_image":[{"width":450,"height":450,"url":"https:\/\/soydelisoy.com\/centroamerica\/wp-content\/uploads\/sites\/2\/2019\/10\/DelisoyNatural.png","type":"image\/png"}],"twitter_card":"summary_large_image","twitter_misc":{"Tiempo de lectura":"1 minuto"},"schema":{"@context":"https:\/\/schema.org","@graph":[{"@type":"WebPage","@id":"https:\/\/soydelisoy.com\/centroamerica\/producto\/delisoy-natural\/","url":"https:\/\/soydelisoy.com\/centroamerica\/producto\/delisoy-natural\/","name":"Delisoy Natural - Delisoy Centroam\u00e9rica","isPartOf":{"@id":"https:\/\/soydelisoy.com\/centroamerica\/#website"},"primaryImageOfPage":{"@id":"https:\/\/soydelisoy.com\/centroamerica\/producto\/delisoy-natural\/#primaryimage"},"image":{"@id":"https:\/\/soydelisoy.com\/centroamerica\/producto\/delisoy-natural\/#primaryimage"},"thumbnailUrl":"https:\/\/soydelisoy.com\/centroamerica\/wp-content\/uploads\/sites\/2\/2019\/10\/DelisoyNatural.png","datePublished":"2019-10-04T13:48:04+00:00","dateModified":"2024-06-30T03:33:41+00:00","breadcrumb":{"@id":"https:\/\/soydelisoy.com\/centroamerica\/producto\/delisoy-natural\/#breadcrumb"},"inLanguage":"es","potentialAction":[{"@type":"ReadAction","target":["https:\/\/soydelisoy.com\/centroamerica\/producto\/delisoy-natural\/"]}]},{"@type":"ImageObject","inLanguage":"es","@id":"https:\/\/soydelisoy.com\/centroamerica\/producto\/delisoy-natural\/#primaryimage","url":"https:\/\/soydelisoy.com\/centroamerica\/wp-content\/uploads\/sites\/2\/2019\/10\/DelisoyNatural.png","contentUrl":"https:\/\/soydelisoy.com\/centroamerica\/wp-content\/uploads\/sites\/2\/2019\/10\/DelisoyNatural.png","width":450,"height":450},{"@type":"BreadcrumbList","@id":"https:\/\/soydelisoy.com\/centroamerica\/producto\/delisoy-natural\/#breadcrumb","itemListElement":[{"@type":"ListItem","position":1,"name":"Portada","item":"https:\/\/soydelisoy.com\/centroamerica\/"},{"@type":"ListItem","position":2,"name":"Productos","item":"https:\/\/soydelisoy.com\/centroamerica\/productos\/"},{"@type":"ListItem","position":3,"name":"Delisoy Natural"}]},{"@type":"WebSite","@id":"https:\/\/soydelisoy.com\/centroamerica\/#website","url":"https:\/\/soydelisoy.com\/centroamerica\/","name":"Delisoy Centroam\u00e9rica","description":"","potentialAction":[{"@type":"SearchAction","target":{"@type":"EntryPoint","urlTemplate":"https:\/\/soydelisoy.com\/centroamerica\/?s={search_term_string}"},"query-input":{"@type":"PropertyValueSpecification","valueRequired":true,"valueName":"search_term_string"}}],"inLanguage":"es"}]}},"uagb_featured_image_src":{"full":["https:\/\/soydelisoy.com\/centroamerica\/wp-content\/uploads\/sites\/2\/2019\/10\/DelisoyNatural.png",450,450,false],"thumbnail":["https:\/\/soydelisoy.com\/centroamerica\/wp-content\/uploads\/sites\/2\/2019\/10\/DelisoyNatural-300x200.png",300,200,true],"medium":["https:\/\/soydelisoy.com\/centroamerica\/wp-content\/uploads\/sites\/2\/2019\/10\/DelisoyNatural.png",450,450,false],"medium_large":["https:\/\/soydelisoy.com\/centroamerica\/wp-content\/uploads\/sites\/2\/2019\/10\/DelisoyNatural.png",450,450,false],"large":["https:\/\/soydelisoy.com\/centroamerica\/wp-content\/uploads\/sites\/2\/2019\/10\/DelisoyNatural.png",450,450,false],"1536x1536":["https:\/\/soydelisoy.com\/centroamerica\/wp-content\/uploads\/sites\/2\/2019\/10\/DelisoyNatural.png",450,450,false],"2048x2048":["https:\/\/soydelisoy.com\/centroamerica\/wp-content\/uploads\/sites\/2\/2019\/10\/DelisoyNatural.png",450,450,false],"bloom_image":["https:\/\/soydelisoy.com\/centroamerica\/wp-content\/uploads\/sites\/2\/2019\/10\/DelisoyNatural.png",450,450,false],"slideshow":["https:\/\/soydelisoy.com\/centroamerica\/wp-content\/uploads\/sites\/2\/2019\/10\/DelisoyNatural.png",450,450,false],"woocommerce_thumbnail":["https:\/\/soydelisoy.com\/centroamerica\/wp-content\/uploads\/sites\/2\/2019\/10\/DelisoyNatural-200x200.png",200,200,true],"woocommerce_single":["https:\/\/soydelisoy.com\/centroamerica\/wp-content\/uploads\/sites\/2\/2019\/10\/DelisoyNatural.png",450,450,false],"woocommerce_gallery_thumbnail":["https:\/\/soydelisoy.com\/centroamerica\/wp-content\/uploads\/sites\/2\/2019\/10\/DelisoyNatural-100x100.png",100,100,true]},"uagb_author_info":{"display_name":"Delisoy","author_link":"https:\/\/soydelisoy.com\/centroamerica\/author\/"},"uagb_comment_info":14,"uagb_excerpt":"\u00a1Las vitaminas y nutrientes de Delisoy Natural ayudan al desarrollo de cuerpos y mentes fuertes! Su delicioso y cremoso sabor la hace perfecta para batidos o para acompa\u00f1ar tus comidas favoritas. Adem\u00e1s, es una excelente alternativa a la leche de vaca en t\u00e9rminos de nutrici\u00f3n, con los beneficios de la prote\u00edna vegetal. * Este producto&hellip;","_links":{"self":[{"href":"https:\/\/soydelisoy.com\/centroamerica\/wp-json\/wp\/v2\/product\/1344","targetHints":{"allow":["GET"]}}],"collection":[{"href":"https:\/\/soydelisoy.com\/centroamerica\/wp-json\/wp\/v2\/product"}],"about":[{"href":"https:\/\/soydelisoy.com\/centroamerica\/wp-json\/wp\/v2\/types\/product"}],"replies":[{"embeddable":true,"href":"https:\/\/soydelisoy.com\/centroamerica\/wp-json\/wp\/v2\/comments?post=1344"}],"wp:featuredmedia":[{"embeddable":true,"href":"https:\/\/soydelisoy.com\/centroamerica\/wp-json\/wp\/v2\/media\/5697"}],"wp:attachment":[{"href":"https:\/\/soydelisoy.com\/centroamerica\/wp-json\/wp\/v2\/media?parent=1344"}],"wp:term":[{"taxonomy":"product_brand","embeddable":true,"href":"https:\/\/soydelisoy.com\/centroamerica\/wp-json\/wp\/v2\/product_brand?post=1344"},{"taxonomy":"product_cat","embeddable":true,"href":"https:\/\/soydelisoy.com\/centroamerica\/wp-json\/wp\/v2\/product_cat?post=1344"},{"taxonomy":"product_tag","embeddable":true,"href":"https:\/\/soydelisoy.com\/centroamerica\/wp-json\/wp\/v2\/product_tag?post=1344"}],"curies":[{"name":"wp","href":"https:\/\/api.w.org\/{rel}","templated":true}]}}