{"id":3333,"date":"2020-03-04T20:19:03","date_gmt":"2020-03-04T19:19:03","guid":{"rendered":"https:\/\/delisoya.com\/?post_type=product&#038;p=3333"},"modified":"2025-06-04T18:57:38","modified_gmt":"2025-06-04T16:57:38","slug":"delisoy-almendras-vainilla","status":"publish","type":"product","link":"https:\/\/soydelisoy.com\/centroamerica\/producto\/delisoy-almendras-vainilla\/","title":{"rendered":"Delisoy Almendras Vainilla"},"content":{"rendered":"","protected":false},"excerpt":{"rendered":"<p>Les presentamos la NUEVA y DELICIOSA Delisoy Almendras sabor Vainilla. Sin colorantes, gluten ni colesterol, y con s\u00f3lo 70 calor\u00edas por porci\u00f3n, es tu opci\u00f3n saludable lista para servir.<\/p>\n","protected":false},"featured_media":6176,"comment_status":"open","ping_status":"closed","template":"","meta":{"inline_featured_image":false,"_uag_custom_page_level_css":""},"product_brand":[],"product_cat":[83],"product_tag":[],"class_list":{"0":"post-3333","1":"product","2":"type-product","3":"status-publish","4":"has-post-thumbnail","6":"product_cat-proteina-almendra-sabores","8":"first","9":"instock","10":"shipping-taxable","11":"product-type-simple"},"acf":[],"yoast_head":"<!-- This site is optimized with the Yoast SEO plugin v27.2 - https:\/\/yoast.com\/product\/yoast-seo-wordpress\/ -->\n<title>Delisoy Almendras Vainilla - Delisoy Centroam\u00e9rica<\/title>\n<meta name=\"robots\" content=\"index, follow, max-snippet:-1, max-image-preview:large, max-video-preview:-1\" \/>\n<link rel=\"canonical\" href=\"https:\/\/soydelisoy.com\/centroamerica\/producto\/delisoy-almendras-vainilla\/\" \/>\n<meta property=\"og:locale\" content=\"es_ES\" \/>\n<meta property=\"og:type\" content=\"article\" \/>\n<meta property=\"og:title\" content=\"Delisoy Almendras Vainilla - Delisoy Centroam\u00e9rica\" \/>\n<meta property=\"og:description\" content=\"Les presentamos la NUEVA y DELICIOSA Delisoy Almendras sabor Vainilla. Sin colorantes, gluten ni colesterol, y con s\u00f3lo 70 calor\u00edas por porci\u00f3n, es tu opci\u00f3n saludable lista para servir.\" \/>\n<meta property=\"og:url\" content=\"https:\/\/soydelisoy.com\/centroamerica\/producto\/delisoy-almendras-vainilla\/\" \/>\n<meta property=\"og:site_name\" content=\"Delisoy Centroam\u00e9rica\" \/>\n<meta property=\"article:modified_time\" content=\"2025-06-04T16:57:38+00:00\" \/>\n<meta property=\"og:image\" content=\"https:\/\/soydelisoy.com\/centroamerica\/wp-content\/uploads\/sites\/2\/2020\/03\/Productos_D-Almendra-Vainilla-Front.png\" \/>\n\t<meta property=\"og:image:width\" content=\"450\" \/>\n\t<meta property=\"og:image:height\" content=\"450\" \/>\n\t<meta property=\"og:image:type\" content=\"image\/png\" \/>\n<meta name=\"twitter:card\" content=\"summary_large_image\" \/>\n<meta name=\"twitter:label1\" content=\"Tiempo de lectura\" \/>\n\t<meta name=\"twitter:data1\" content=\"1 minuto\" \/>\n<script type=\"application\/ld+json\" class=\"yoast-schema-graph\">{\"@context\":\"https:\/\/schema.org\",\"@graph\":[{\"@type\":\"WebPage\",\"@id\":\"https:\/\/soydelisoy.com\/centroamerica\/producto\/delisoy-almendras-vainilla\/\",\"url\":\"https:\/\/soydelisoy.com\/centroamerica\/producto\/delisoy-almendras-vainilla\/\",\"name\":\"Delisoy Almendras Vainilla - Delisoy Centroam\u00e9rica\",\"isPartOf\":{\"@id\":\"https:\/\/soydelisoy.com\/centroamerica\/#website\"},\"primaryImageOfPage\":{\"@id\":\"https:\/\/soydelisoy.com\/centroamerica\/producto\/delisoy-almendras-vainilla\/#primaryimage\"},\"image\":{\"@id\":\"https:\/\/soydelisoy.com\/centroamerica\/producto\/delisoy-almendras-vainilla\/#primaryimage\"},\"thumbnailUrl\":\"https:\/\/soydelisoy.com\/centroamerica\/wp-content\/uploads\/sites\/2\/2020\/03\/Productos_D-Almendra-Vainilla-Front.png\",\"datePublished\":\"2020-03-04T19:19:03+00:00\",\"dateModified\":\"2025-06-04T16:57:38+00:00\",\"breadcrumb\":{\"@id\":\"https:\/\/soydelisoy.com\/centroamerica\/producto\/delisoy-almendras-vainilla\/#breadcrumb\"},\"inLanguage\":\"es\",\"potentialAction\":[{\"@type\":\"ReadAction\",\"target\":[\"https:\/\/soydelisoy.com\/centroamerica\/producto\/delisoy-almendras-vainilla\/\"]}]},{\"@type\":\"ImageObject\",\"inLanguage\":\"es\",\"@id\":\"https:\/\/soydelisoy.com\/centroamerica\/producto\/delisoy-almendras-vainilla\/#primaryimage\",\"url\":\"https:\/\/soydelisoy.com\/centroamerica\/wp-content\/uploads\/sites\/2\/2020\/03\/Productos_D-Almendra-Vainilla-Front.png\",\"contentUrl\":\"https:\/\/soydelisoy.com\/centroamerica\/wp-content\/uploads\/sites\/2\/2020\/03\/Productos_D-Almendra-Vainilla-Front.png\",\"width\":450,\"height\":450},{\"@type\":\"BreadcrumbList\",\"@id\":\"https:\/\/soydelisoy.com\/centroamerica\/producto\/delisoy-almendras-vainilla\/#breadcrumb\",\"itemListElement\":[{\"@type\":\"ListItem\",\"position\":1,\"name\":\"Portada\",\"item\":\"https:\/\/soydelisoy.com\/centroamerica\/\"},{\"@type\":\"ListItem\",\"position\":2,\"name\":\"Productos\",\"item\":\"https:\/\/soydelisoy.com\/centroamerica\/productos\/\"},{\"@type\":\"ListItem\",\"position\":3,\"name\":\"Delisoy Almendras Vainilla\"}]},{\"@type\":\"WebSite\",\"@id\":\"https:\/\/soydelisoy.com\/centroamerica\/#website\",\"url\":\"https:\/\/soydelisoy.com\/centroamerica\/\",\"name\":\"Delisoy Centroam\u00e9rica\",\"description\":\"\",\"potentialAction\":[{\"@type\":\"SearchAction\",\"target\":{\"@type\":\"EntryPoint\",\"urlTemplate\":\"https:\/\/soydelisoy.com\/centroamerica\/?s={search_term_string}\"},\"query-input\":{\"@type\":\"PropertyValueSpecification\",\"valueRequired\":true,\"valueName\":\"search_term_string\"}}],\"inLanguage\":\"es\"}]}<\/script>\n<!-- \/ Yoast SEO plugin. -->","yoast_head_json":{"title":"Delisoy Almendras Vainilla - Delisoy Centroam\u00e9rica","robots":{"index":"index","follow":"follow","max-snippet":"max-snippet:-1","max-image-preview":"max-image-preview:large","max-video-preview":"max-video-preview:-1"},"canonical":"https:\/\/soydelisoy.com\/centroamerica\/producto\/delisoy-almendras-vainilla\/","og_locale":"es_ES","og_type":"article","og_title":"Delisoy Almendras Vainilla - Delisoy Centroam\u00e9rica","og_description":"Les presentamos la NUEVA y DELICIOSA Delisoy Almendras sabor Vainilla. Sin colorantes, gluten ni colesterol, y con s\u00f3lo 70 calor\u00edas por porci\u00f3n, es tu opci\u00f3n saludable lista para servir.","og_url":"https:\/\/soydelisoy.com\/centroamerica\/producto\/delisoy-almendras-vainilla\/","og_site_name":"Delisoy Centroam\u00e9rica","article_modified_time":"2025-06-04T16:57:38+00:00","og_image":[{"width":450,"height":450,"url":"https:\/\/soydelisoy.com\/centroamerica\/wp-content\/uploads\/sites\/2\/2020\/03\/Productos_D-Almendra-Vainilla-Front.png","type":"image\/png"}],"twitter_card":"summary_large_image","twitter_misc":{"Tiempo de lectura":"1 minuto"},"schema":{"@context":"https:\/\/schema.org","@graph":[{"@type":"WebPage","@id":"https:\/\/soydelisoy.com\/centroamerica\/producto\/delisoy-almendras-vainilla\/","url":"https:\/\/soydelisoy.com\/centroamerica\/producto\/delisoy-almendras-vainilla\/","name":"Delisoy Almendras Vainilla - Delisoy Centroam\u00e9rica","isPartOf":{"@id":"https:\/\/soydelisoy.com\/centroamerica\/#website"},"primaryImageOfPage":{"@id":"https:\/\/soydelisoy.com\/centroamerica\/producto\/delisoy-almendras-vainilla\/#primaryimage"},"image":{"@id":"https:\/\/soydelisoy.com\/centroamerica\/producto\/delisoy-almendras-vainilla\/#primaryimage"},"thumbnailUrl":"https:\/\/soydelisoy.com\/centroamerica\/wp-content\/uploads\/sites\/2\/2020\/03\/Productos_D-Almendra-Vainilla-Front.png","datePublished":"2020-03-04T19:19:03+00:00","dateModified":"2025-06-04T16:57:38+00:00","breadcrumb":{"@id":"https:\/\/soydelisoy.com\/centroamerica\/producto\/delisoy-almendras-vainilla\/#breadcrumb"},"inLanguage":"es","potentialAction":[{"@type":"ReadAction","target":["https:\/\/soydelisoy.com\/centroamerica\/producto\/delisoy-almendras-vainilla\/"]}]},{"@type":"ImageObject","inLanguage":"es","@id":"https:\/\/soydelisoy.com\/centroamerica\/producto\/delisoy-almendras-vainilla\/#primaryimage","url":"https:\/\/soydelisoy.com\/centroamerica\/wp-content\/uploads\/sites\/2\/2020\/03\/Productos_D-Almendra-Vainilla-Front.png","contentUrl":"https:\/\/soydelisoy.com\/centroamerica\/wp-content\/uploads\/sites\/2\/2020\/03\/Productos_D-Almendra-Vainilla-Front.png","width":450,"height":450},{"@type":"BreadcrumbList","@id":"https:\/\/soydelisoy.com\/centroamerica\/producto\/delisoy-almendras-vainilla\/#breadcrumb","itemListElement":[{"@type":"ListItem","position":1,"name":"Portada","item":"https:\/\/soydelisoy.com\/centroamerica\/"},{"@type":"ListItem","position":2,"name":"Productos","item":"https:\/\/soydelisoy.com\/centroamerica\/productos\/"},{"@type":"ListItem","position":3,"name":"Delisoy Almendras Vainilla"}]},{"@type":"WebSite","@id":"https:\/\/soydelisoy.com\/centroamerica\/#website","url":"https:\/\/soydelisoy.com\/centroamerica\/","name":"Delisoy Centroam\u00e9rica","description":"","potentialAction":[{"@type":"SearchAction","target":{"@type":"EntryPoint","urlTemplate":"https:\/\/soydelisoy.com\/centroamerica\/?s={search_term_string}"},"query-input":{"@type":"PropertyValueSpecification","valueRequired":true,"valueName":"search_term_string"}}],"inLanguage":"es"}]}},"uagb_featured_image_src":{"full":["https:\/\/soydelisoy.com\/centroamerica\/wp-content\/uploads\/sites\/2\/2020\/03\/Productos_D-Almendra-Vainilla-Front.png",450,450,false],"thumbnail":["https:\/\/soydelisoy.com\/centroamerica\/wp-content\/uploads\/sites\/2\/2020\/03\/Productos_D-Almendra-Vainilla-Front-300x200.png",300,200,true],"medium":["https:\/\/soydelisoy.com\/centroamerica\/wp-content\/uploads\/sites\/2\/2020\/03\/Productos_D-Almendra-Vainilla-Front.png",450,450,false],"medium_large":["https:\/\/soydelisoy.com\/centroamerica\/wp-content\/uploads\/sites\/2\/2020\/03\/Productos_D-Almendra-Vainilla-Front.png",450,450,false],"large":["https:\/\/soydelisoy.com\/centroamerica\/wp-content\/uploads\/sites\/2\/2020\/03\/Productos_D-Almendra-Vainilla-Front.png",450,450,false],"1536x1536":["https:\/\/soydelisoy.com\/centroamerica\/wp-content\/uploads\/sites\/2\/2020\/03\/Productos_D-Almendra-Vainilla-Front.png",450,450,false],"2048x2048":["https:\/\/soydelisoy.com\/centroamerica\/wp-content\/uploads\/sites\/2\/2020\/03\/Productos_D-Almendra-Vainilla-Front.png",450,450,false],"bloom_image":["https:\/\/soydelisoy.com\/centroamerica\/wp-content\/uploads\/sites\/2\/2020\/03\/Productos_D-Almendra-Vainilla-Front.png",450,450,false],"slideshow":["https:\/\/soydelisoy.com\/centroamerica\/wp-content\/uploads\/sites\/2\/2020\/03\/Productos_D-Almendra-Vainilla-Front.png",450,450,false],"woocommerce_thumbnail":["https:\/\/soydelisoy.com\/centroamerica\/wp-content\/uploads\/sites\/2\/2020\/03\/Productos_D-Almendra-Vainilla-Front-200x200.png",200,200,true],"woocommerce_single":["https:\/\/soydelisoy.com\/centroamerica\/wp-content\/uploads\/sites\/2\/2020\/03\/Productos_D-Almendra-Vainilla-Front.png",450,450,false],"woocommerce_gallery_thumbnail":["https:\/\/soydelisoy.com\/centroamerica\/wp-content\/uploads\/sites\/2\/2020\/03\/Productos_D-Almendra-Vainilla-Front-100x100.png",100,100,true]},"uagb_author_info":{"display_name":"Delisoy","author_link":"https:\/\/soydelisoy.com\/centroamerica\/author\/"},"uagb_comment_info":0,"uagb_excerpt":"Les presentamos la NUEVA y DELICIOSA Delisoy Almendras sabor Vainilla. Sin colorantes, gluten ni colesterol, y con s\u00f3lo 70 calor\u00edas por porci\u00f3n, es tu opci\u00f3n saludable lista para servir.","_links":{"self":[{"href":"https:\/\/soydelisoy.com\/centroamerica\/wp-json\/wp\/v2\/product\/3333","targetHints":{"allow":["GET"]}}],"collection":[{"href":"https:\/\/soydelisoy.com\/centroamerica\/wp-json\/wp\/v2\/product"}],"about":[{"href":"https:\/\/soydelisoy.com\/centroamerica\/wp-json\/wp\/v2\/types\/product"}],"replies":[{"embeddable":true,"href":"https:\/\/soydelisoy.com\/centroamerica\/wp-json\/wp\/v2\/comments?post=3333"}],"wp:featuredmedia":[{"embeddable":true,"href":"https:\/\/soydelisoy.com\/centroamerica\/wp-json\/wp\/v2\/media\/6176"}],"wp:attachment":[{"href":"https:\/\/soydelisoy.com\/centroamerica\/wp-json\/wp\/v2\/media?parent=3333"}],"wp:term":[{"taxonomy":"product_brand","embeddable":true,"href":"https:\/\/soydelisoy.com\/centroamerica\/wp-json\/wp\/v2\/product_brand?post=3333"},{"taxonomy":"product_cat","embeddable":true,"href":"https:\/\/soydelisoy.com\/centroamerica\/wp-json\/wp\/v2\/product_cat?post=3333"},{"taxonomy":"product_tag","embeddable":true,"href":"https:\/\/soydelisoy.com\/centroamerica\/wp-json\/wp\/v2\/product_tag?post=3333"}],"curies":[{"name":"wp","href":"https:\/\/api.w.org\/{rel}","templated":true}]}}