{"id":5916,"date":"2023-12-22T19:10:12","date_gmt":"2023-12-22T18:10:12","guid":{"rendered":"https:\/\/soydelisoy.com\/centroamerica\/?post_type=product&#038;p=5916"},"modified":"2024-12-04T16:24:30","modified_gmt":"2024-12-04T15:24:30","slug":"delisoy-almendras-vainilla-sin-azucar","status":"publish","type":"product","link":"https:\/\/soydelisoy.com\/centroamerica\/producto\/delisoy-almendras-vainilla-sin-azucar\/","title":{"rendered":"Delisoy Almendras Vainilla Sin Az\u00facar"},"content":{"rendered":"","protected":false},"excerpt":{"rendered":"<p>\u00a1Te presentamos Delisoy Almendras Vainilla Sin Az\u00facar! Una bebida de origen vegetal que por la naturaleza de sus ingredientes no contiene az\u00facares a\u00f1adidos, lactosa, colesterol ni gluten. Su delicioso sabor de vainilla, sin colorantes ni saborizantes artificiales, la hace una excelente opci\u00f3n para incluir en tus recetas<strong>.<\/strong><\/p>\n","protected":false},"featured_media":6527,"comment_status":"open","ping_status":"closed","template":"","meta":{"inline_featured_image":false,"_uag_custom_page_level_css":""},"product_brand":[],"product_cat":[79,83],"product_tag":[],"class_list":{"0":"post-5916","1":"product","2":"type-product","3":"status-publish","4":"has-post-thumbnail","6":"product_cat-proteina-almendra","7":"product_cat-proteina-almendra-sabores","9":"first","10":"instock","11":"shipping-taxable","12":"product-type-simple"},"acf":[],"yoast_head":"<!-- This site is optimized with the Yoast SEO plugin v27.2 - https:\/\/yoast.com\/product\/yoast-seo-wordpress\/ -->\n<title>Delisoy Almendras Vainilla Sin Az\u00facar - Delisoy Centroam\u00e9rica<\/title>\n<meta name=\"robots\" content=\"index, follow, max-snippet:-1, max-image-preview:large, max-video-preview:-1\" \/>\n<link rel=\"canonical\" href=\"https:\/\/soydelisoy.com\/centroamerica\/producto\/delisoy-almendras-vainilla-sin-azucar\/\" \/>\n<meta property=\"og:locale\" content=\"es_ES\" \/>\n<meta property=\"og:type\" content=\"article\" \/>\n<meta property=\"og:title\" content=\"Delisoy Almendras Vainilla Sin Az\u00facar - Delisoy Centroam\u00e9rica\" \/>\n<meta property=\"og:description\" content=\"\u00a1Te presentamos Delisoy Almendras Vainilla Sin Az\u00facar! Una bebida de origen vegetal que por la naturaleza de sus ingredientes no contiene az\u00facares a\u00f1adidos, lactosa, colesterol ni gluten. Su delicioso sabor de vainilla, sin colorantes ni saborizantes artificiales, la hace una excelente opci\u00f3n para incluir en tus recetas.\" \/>\n<meta property=\"og:url\" content=\"https:\/\/soydelisoy.com\/centroamerica\/producto\/delisoy-almendras-vainilla-sin-azucar\/\" \/>\n<meta property=\"og:site_name\" content=\"Delisoy Centroam\u00e9rica\" \/>\n<meta property=\"article:modified_time\" content=\"2024-12-04T15:24:30+00:00\" \/>\n<meta property=\"og:image\" content=\"https:\/\/soydelisoy.com\/centroamerica\/wp-content\/uploads\/sites\/2\/2023\/12\/Productos_D-Almendra-Vainilla-SA-Front.png\" \/>\n\t<meta property=\"og:image:width\" content=\"450\" \/>\n\t<meta property=\"og:image:height\" content=\"450\" \/>\n\t<meta property=\"og:image:type\" content=\"image\/png\" \/>\n<meta name=\"twitter:card\" content=\"summary_large_image\" \/>\n<meta name=\"twitter:label1\" content=\"Tiempo de lectura\" \/>\n\t<meta name=\"twitter:data1\" content=\"1 minuto\" \/>\n<script type=\"application\/ld+json\" class=\"yoast-schema-graph\">{\"@context\":\"https:\/\/schema.org\",\"@graph\":[{\"@type\":\"WebPage\",\"@id\":\"https:\/\/soydelisoy.com\/centroamerica\/producto\/delisoy-almendras-vainilla-sin-azucar\/\",\"url\":\"https:\/\/soydelisoy.com\/centroamerica\/producto\/delisoy-almendras-vainilla-sin-azucar\/\",\"name\":\"Delisoy Almendras Vainilla Sin Az\u00facar - Delisoy Centroam\u00e9rica\",\"isPartOf\":{\"@id\":\"https:\/\/soydelisoy.com\/centroamerica\/#website\"},\"primaryImageOfPage\":{\"@id\":\"https:\/\/soydelisoy.com\/centroamerica\/producto\/delisoy-almendras-vainilla-sin-azucar\/#primaryimage\"},\"image\":{\"@id\":\"https:\/\/soydelisoy.com\/centroamerica\/producto\/delisoy-almendras-vainilla-sin-azucar\/#primaryimage\"},\"thumbnailUrl\":\"https:\/\/soydelisoy.com\/centroamerica\/wp-content\/uploads\/sites\/2\/2023\/12\/Productos_D-Almendra-Vainilla-SA-Front.png\",\"datePublished\":\"2023-12-22T18:10:12+00:00\",\"dateModified\":\"2024-12-04T15:24:30+00:00\",\"breadcrumb\":{\"@id\":\"https:\/\/soydelisoy.com\/centroamerica\/producto\/delisoy-almendras-vainilla-sin-azucar\/#breadcrumb\"},\"inLanguage\":\"es\",\"potentialAction\":[{\"@type\":\"ReadAction\",\"target\":[\"https:\/\/soydelisoy.com\/centroamerica\/producto\/delisoy-almendras-vainilla-sin-azucar\/\"]}]},{\"@type\":\"ImageObject\",\"inLanguage\":\"es\",\"@id\":\"https:\/\/soydelisoy.com\/centroamerica\/producto\/delisoy-almendras-vainilla-sin-azucar\/#primaryimage\",\"url\":\"https:\/\/soydelisoy.com\/centroamerica\/wp-content\/uploads\/sites\/2\/2023\/12\/Productos_D-Almendra-Vainilla-SA-Front.png\",\"contentUrl\":\"https:\/\/soydelisoy.com\/centroamerica\/wp-content\/uploads\/sites\/2\/2023\/12\/Productos_D-Almendra-Vainilla-SA-Front.png\",\"width\":450,\"height\":450},{\"@type\":\"BreadcrumbList\",\"@id\":\"https:\/\/soydelisoy.com\/centroamerica\/producto\/delisoy-almendras-vainilla-sin-azucar\/#breadcrumb\",\"itemListElement\":[{\"@type\":\"ListItem\",\"position\":1,\"name\":\"Portada\",\"item\":\"https:\/\/soydelisoy.com\/centroamerica\/\"},{\"@type\":\"ListItem\",\"position\":2,\"name\":\"Productos\",\"item\":\"https:\/\/soydelisoy.com\/centroamerica\/productos\/\"},{\"@type\":\"ListItem\",\"position\":3,\"name\":\"Delisoy Almendras Vainilla Sin Az\u00facar\"}]},{\"@type\":\"WebSite\",\"@id\":\"https:\/\/soydelisoy.com\/centroamerica\/#website\",\"url\":\"https:\/\/soydelisoy.com\/centroamerica\/\",\"name\":\"Delisoy Centroam\u00e9rica\",\"description\":\"\",\"potentialAction\":[{\"@type\":\"SearchAction\",\"target\":{\"@type\":\"EntryPoint\",\"urlTemplate\":\"https:\/\/soydelisoy.com\/centroamerica\/?s={search_term_string}\"},\"query-input\":{\"@type\":\"PropertyValueSpecification\",\"valueRequired\":true,\"valueName\":\"search_term_string\"}}],\"inLanguage\":\"es\"}]}<\/script>\n<!-- \/ Yoast SEO plugin. -->","yoast_head_json":{"title":"Delisoy Almendras Vainilla Sin Az\u00facar - Delisoy Centroam\u00e9rica","robots":{"index":"index","follow":"follow","max-snippet":"max-snippet:-1","max-image-preview":"max-image-preview:large","max-video-preview":"max-video-preview:-1"},"canonical":"https:\/\/soydelisoy.com\/centroamerica\/producto\/delisoy-almendras-vainilla-sin-azucar\/","og_locale":"es_ES","og_type":"article","og_title":"Delisoy Almendras Vainilla Sin Az\u00facar - Delisoy Centroam\u00e9rica","og_description":"\u00a1Te presentamos Delisoy Almendras Vainilla Sin Az\u00facar! Una bebida de origen vegetal que por la naturaleza de sus ingredientes no contiene az\u00facares a\u00f1adidos, lactosa, colesterol ni gluten. Su delicioso sabor de vainilla, sin colorantes ni saborizantes artificiales, la hace una excelente opci\u00f3n para incluir en tus recetas.","og_url":"https:\/\/soydelisoy.com\/centroamerica\/producto\/delisoy-almendras-vainilla-sin-azucar\/","og_site_name":"Delisoy Centroam\u00e9rica","article_modified_time":"2024-12-04T15:24:30+00:00","og_image":[{"width":450,"height":450,"url":"https:\/\/soydelisoy.com\/centroamerica\/wp-content\/uploads\/sites\/2\/2023\/12\/Productos_D-Almendra-Vainilla-SA-Front.png","type":"image\/png"}],"twitter_card":"summary_large_image","twitter_misc":{"Tiempo de lectura":"1 minuto"},"schema":{"@context":"https:\/\/schema.org","@graph":[{"@type":"WebPage","@id":"https:\/\/soydelisoy.com\/centroamerica\/producto\/delisoy-almendras-vainilla-sin-azucar\/","url":"https:\/\/soydelisoy.com\/centroamerica\/producto\/delisoy-almendras-vainilla-sin-azucar\/","name":"Delisoy Almendras Vainilla Sin Az\u00facar - Delisoy Centroam\u00e9rica","isPartOf":{"@id":"https:\/\/soydelisoy.com\/centroamerica\/#website"},"primaryImageOfPage":{"@id":"https:\/\/soydelisoy.com\/centroamerica\/producto\/delisoy-almendras-vainilla-sin-azucar\/#primaryimage"},"image":{"@id":"https:\/\/soydelisoy.com\/centroamerica\/producto\/delisoy-almendras-vainilla-sin-azucar\/#primaryimage"},"thumbnailUrl":"https:\/\/soydelisoy.com\/centroamerica\/wp-content\/uploads\/sites\/2\/2023\/12\/Productos_D-Almendra-Vainilla-SA-Front.png","datePublished":"2023-12-22T18:10:12+00:00","dateModified":"2024-12-04T15:24:30+00:00","breadcrumb":{"@id":"https:\/\/soydelisoy.com\/centroamerica\/producto\/delisoy-almendras-vainilla-sin-azucar\/#breadcrumb"},"inLanguage":"es","potentialAction":[{"@type":"ReadAction","target":["https:\/\/soydelisoy.com\/centroamerica\/producto\/delisoy-almendras-vainilla-sin-azucar\/"]}]},{"@type":"ImageObject","inLanguage":"es","@id":"https:\/\/soydelisoy.com\/centroamerica\/producto\/delisoy-almendras-vainilla-sin-azucar\/#primaryimage","url":"https:\/\/soydelisoy.com\/centroamerica\/wp-content\/uploads\/sites\/2\/2023\/12\/Productos_D-Almendra-Vainilla-SA-Front.png","contentUrl":"https:\/\/soydelisoy.com\/centroamerica\/wp-content\/uploads\/sites\/2\/2023\/12\/Productos_D-Almendra-Vainilla-SA-Front.png","width":450,"height":450},{"@type":"BreadcrumbList","@id":"https:\/\/soydelisoy.com\/centroamerica\/producto\/delisoy-almendras-vainilla-sin-azucar\/#breadcrumb","itemListElement":[{"@type":"ListItem","position":1,"name":"Portada","item":"https:\/\/soydelisoy.com\/centroamerica\/"},{"@type":"ListItem","position":2,"name":"Productos","item":"https:\/\/soydelisoy.com\/centroamerica\/productos\/"},{"@type":"ListItem","position":3,"name":"Delisoy Almendras Vainilla Sin Az\u00facar"}]},{"@type":"WebSite","@id":"https:\/\/soydelisoy.com\/centroamerica\/#website","url":"https:\/\/soydelisoy.com\/centroamerica\/","name":"Delisoy Centroam\u00e9rica","description":"","potentialAction":[{"@type":"SearchAction","target":{"@type":"EntryPoint","urlTemplate":"https:\/\/soydelisoy.com\/centroamerica\/?s={search_term_string}"},"query-input":{"@type":"PropertyValueSpecification","valueRequired":true,"valueName":"search_term_string"}}],"inLanguage":"es"}]}},"uagb_featured_image_src":{"full":["https:\/\/soydelisoy.com\/centroamerica\/wp-content\/uploads\/sites\/2\/2023\/12\/Productos_D-Almendra-Vainilla-SA-Front.png",450,450,false],"thumbnail":["https:\/\/soydelisoy.com\/centroamerica\/wp-content\/uploads\/sites\/2\/2023\/12\/Productos_D-Almendra-Vainilla-SA-Front-300x200.png",300,200,true],"medium":["https:\/\/soydelisoy.com\/centroamerica\/wp-content\/uploads\/sites\/2\/2023\/12\/Productos_D-Almendra-Vainilla-SA-Front.png",450,450,false],"medium_large":["https:\/\/soydelisoy.com\/centroamerica\/wp-content\/uploads\/sites\/2\/2023\/12\/Productos_D-Almendra-Vainilla-SA-Front.png",450,450,false],"large":["https:\/\/soydelisoy.com\/centroamerica\/wp-content\/uploads\/sites\/2\/2023\/12\/Productos_D-Almendra-Vainilla-SA-Front.png",450,450,false],"1536x1536":["https:\/\/soydelisoy.com\/centroamerica\/wp-content\/uploads\/sites\/2\/2023\/12\/Productos_D-Almendra-Vainilla-SA-Front.png",450,450,false],"2048x2048":["https:\/\/soydelisoy.com\/centroamerica\/wp-content\/uploads\/sites\/2\/2023\/12\/Productos_D-Almendra-Vainilla-SA-Front.png",450,450,false],"bloom_image":["https:\/\/soydelisoy.com\/centroamerica\/wp-content\/uploads\/sites\/2\/2023\/12\/Productos_D-Almendra-Vainilla-SA-Front.png",450,450,false],"slideshow":["https:\/\/soydelisoy.com\/centroamerica\/wp-content\/uploads\/sites\/2\/2023\/12\/Productos_D-Almendra-Vainilla-SA-Front.png",450,450,false],"woocommerce_thumbnail":["https:\/\/soydelisoy.com\/centroamerica\/wp-content\/uploads\/sites\/2\/2023\/12\/Productos_D-Almendra-Vainilla-SA-Front-200x200.png",200,200,true],"woocommerce_single":["https:\/\/soydelisoy.com\/centroamerica\/wp-content\/uploads\/sites\/2\/2023\/12\/Productos_D-Almendra-Vainilla-SA-Front.png",450,450,false],"woocommerce_gallery_thumbnail":["https:\/\/soydelisoy.com\/centroamerica\/wp-content\/uploads\/sites\/2\/2023\/12\/Productos_D-Almendra-Vainilla-SA-Front-100x100.png",100,100,true]},"uagb_author_info":{"display_name":"Delisoy","author_link":"https:\/\/soydelisoy.com\/centroamerica\/author\/"},"uagb_comment_info":0,"uagb_excerpt":"\u00a1Te presentamos Delisoy Almendras Vainilla Sin Az\u00facar! Una bebida de origen vegetal que por la naturaleza de sus ingredientes no contiene az\u00facares a\u00f1adidos, lactosa, colesterol ni gluten. Su delicioso sabor de vainilla, sin colorantes ni saborizantes artificiales, la hace una excelente opci\u00f3n para incluir en tus recetas.","_links":{"self":[{"href":"https:\/\/soydelisoy.com\/centroamerica\/wp-json\/wp\/v2\/product\/5916","targetHints":{"allow":["GET"]}}],"collection":[{"href":"https:\/\/soydelisoy.com\/centroamerica\/wp-json\/wp\/v2\/product"}],"about":[{"href":"https:\/\/soydelisoy.com\/centroamerica\/wp-json\/wp\/v2\/types\/product"}],"replies":[{"embeddable":true,"href":"https:\/\/soydelisoy.com\/centroamerica\/wp-json\/wp\/v2\/comments?post=5916"}],"wp:featuredmedia":[{"embeddable":true,"href":"https:\/\/soydelisoy.com\/centroamerica\/wp-json\/wp\/v2\/media\/6527"}],"wp:attachment":[{"href":"https:\/\/soydelisoy.com\/centroamerica\/wp-json\/wp\/v2\/media?parent=5916"}],"wp:term":[{"taxonomy":"product_brand","embeddable":true,"href":"https:\/\/soydelisoy.com\/centroamerica\/wp-json\/wp\/v2\/product_brand?post=5916"},{"taxonomy":"product_cat","embeddable":true,"href":"https:\/\/soydelisoy.com\/centroamerica\/wp-json\/wp\/v2\/product_cat?post=5916"},{"taxonomy":"product_tag","embeddable":true,"href":"https:\/\/soydelisoy.com\/centroamerica\/wp-json\/wp\/v2\/product_tag?post=5916"}],"curies":[{"name":"wp","href":"https:\/\/api.w.org\/{rel}","templated":true}]}}